{"id":90,"date":"2025-05-23T17:37:35","date_gmt":"2025-05-23T15:37:35","guid":{"rendered":"https:\/\/cave-girondine.lesvignoblesdemaxime.fr\/?post_type=product&#038;p=90"},"modified":"2026-05-13T13:55:43","modified_gmt":"2026-05-13T11:55:43","slug":"queyron-lartigue-2016","status":"publish","type":"product","link":"https:\/\/cave-girondine.lesvignoblesdemaxime.fr\/?product=queyron-lartigue-2016","title":{"rendered":"Queyron Lartigue 2023"},"content":{"rendered":"<p>Ce Saint-\u00c9milion est un vin \u00e9l\u00e9gant \u00e0 la robe pourpre, un nez de baies rouges et chocolat, une bouche soign\u00e9e de fruits rouges gourmands au bon go\u00fbt de terroir.<\/p>\n<p>Ce vin est issu des parcelles sablonneuses de la propri\u00e9t\u00e9. Celles-ci produisent un vin \u00e9clatant et facilement accessible, tr\u00e8s souple. Un \u00e9levage court permet de livrer d\u00e8s la deuxi\u00e8me ann\u00e9e un vin pr\u00eat \u00e0 \u00eatre d\u00e9gust\u00e9. Ce vin accompagnera aimablement vos repas au quotidien ou les ambiances festives.<\/p>\n","protected":false},"excerpt":{"rendered":"<p>Ce Saint-\u00c9milion est un vin \u00e9l\u00e9gant \u00e0 la robe pourpre, un nez de baies rouges et chocolat, une bouche soign\u00e9e de fruits rouges gourmands au bon go\u00fbt de terroir. Ce vin est issu des parcelles sablonneuses de la propri\u00e9t\u00e9. Celles-ci produisent un vin \u00e9clatant et facilement accessible, tr\u00e8s souple. Un \u00e9levage court permet de livrer [&hellip;]<\/p>\n","protected":false},"featured_media":102,"template":"","meta":[],"product_brand":[],"product_cat":[16],"product_tag":[],"class_list":{"0":"post-90","1":"product","2":"type-product","3":"status-publish","4":"has-post-thumbnail","6":"product_cat-non-classe","8":"first","9":"instock","10":"virtual","11":"taxable","12":"purchasable","13":"product-type-simple"},"_links":{"self":[{"href":"https:\/\/cave-girondine.lesvignoblesdemaxime.fr\/index.php?rest_route=\/wp\/v2\/product\/90","targetHints":{"allow":["GET"]}}],"collection":[{"href":"https:\/\/cave-girondine.lesvignoblesdemaxime.fr\/index.php?rest_route=\/wp\/v2\/product"}],"about":[{"href":"https:\/\/cave-girondine.lesvignoblesdemaxime.fr\/index.php?rest_route=\/wp\/v2\/types\/product"}],"wp:featuredmedia":[{"embeddable":true,"href":"https:\/\/cave-girondine.lesvignoblesdemaxime.fr\/index.php?rest_route=\/wp\/v2\/media\/102"}],"wp:attachment":[{"href":"https:\/\/cave-girondine.lesvignoblesdemaxime.fr\/index.php?rest_route=%2Fwp%2Fv2%2Fmedia&parent=90"}],"wp:term":[{"taxonomy":"product_brand","embeddable":true,"href":"https:\/\/cave-girondine.lesvignoblesdemaxime.fr\/index.php?rest_route=%2Fwp%2Fv2%2Fproduct_brand&post=90"},{"taxonomy":"product_cat","embeddable":true,"href":"https:\/\/cave-girondine.lesvignoblesdemaxime.fr\/index.php?rest_route=%2Fwp%2Fv2%2Fproduct_cat&post=90"},{"taxonomy":"product_tag","embeddable":true,"href":"https:\/\/cave-girondine.lesvignoblesdemaxime.fr\/index.php?rest_route=%2Fwp%2Fv2%2Fproduct_tag&post=90"}],"curies":[{"name":"wp","href":"https:\/\/api.w.org\/{rel}","templated":true}]}}