{"id":108,"date":"2025-05-25T13:06:53","date_gmt":"2025-05-25T11:06:53","guid":{"rendered":"https:\/\/cave-girondine.lesvignoblesdemaxime.fr\/?post_type=product&#038;p=108"},"modified":"2026-05-13T13:53:38","modified_gmt":"2026-05-13T11:53:38","slug":"grand-lartigue-2016","status":"publish","type":"product","link":"https:\/\/cave-girondine.lesvignoblesdemaxime.fr\/?product=grand-lartigue-2016","title":{"rendered":"Grand Lartigue 2022"},"content":{"rendered":"<p>Pr\u00eat pour un repas de gastronomes, ou un digestif de connaisseurs entre amis, son style a\u00e9rien pour un Saint-Emilion Grand Cru saura d\u00e9tendre tous les palais de fa\u00e7on consensuelle.<\/p>\n","protected":false},"excerpt":{"rendered":"<p>Pr\u00eat pour un repas de gastronomes, ou un digestif de connaisseurs entre amis, son style a\u00e9rien pour un Saint-Emilion Grand Cru saura d\u00e9tendre tous les palais de fa\u00e7on consensuelle.<\/p>\n","protected":false},"featured_media":104,"template":"","meta":[],"product_brand":[],"product_cat":[16],"product_tag":[],"class_list":{"0":"post-108","1":"product","2":"type-product","3":"status-publish","4":"has-post-thumbnail","6":"product_cat-non-classe","8":"first","9":"instock","10":"virtual","11":"taxable","12":"purchasable","13":"product-type-simple"},"_links":{"self":[{"href":"https:\/\/cave-girondine.lesvignoblesdemaxime.fr\/index.php?rest_route=\/wp\/v2\/product\/108","targetHints":{"allow":["GET"]}}],"collection":[{"href":"https:\/\/cave-girondine.lesvignoblesdemaxime.fr\/index.php?rest_route=\/wp\/v2\/product"}],"about":[{"href":"https:\/\/cave-girondine.lesvignoblesdemaxime.fr\/index.php?rest_route=\/wp\/v2\/types\/product"}],"wp:featuredmedia":[{"embeddable":true,"href":"https:\/\/cave-girondine.lesvignoblesdemaxime.fr\/index.php?rest_route=\/wp\/v2\/media\/104"}],"wp:attachment":[{"href":"https:\/\/cave-girondine.lesvignoblesdemaxime.fr\/index.php?rest_route=%2Fwp%2Fv2%2Fmedia&parent=108"}],"wp:term":[{"taxonomy":"product_brand","embeddable":true,"href":"https:\/\/cave-girondine.lesvignoblesdemaxime.fr\/index.php?rest_route=%2Fwp%2Fv2%2Fproduct_brand&post=108"},{"taxonomy":"product_cat","embeddable":true,"href":"https:\/\/cave-girondine.lesvignoblesdemaxime.fr\/index.php?rest_route=%2Fwp%2Fv2%2Fproduct_cat&post=108"},{"taxonomy":"product_tag","embeddable":true,"href":"https:\/\/cave-girondine.lesvignoblesdemaxime.fr\/index.php?rest_route=%2Fwp%2Fv2%2Fproduct_tag&post=108"}],"curies":[{"name":"wp","href":"https:\/\/api.w.org\/{rel}","templated":true}]}}