{"id":106,"date":"2025-05-25T13:01:47","date_gmt":"2025-05-25T11:01:47","guid":{"rendered":"https:\/\/cave-girondine.lesvignoblesdemaxime.fr\/?post_type=product&#038;p=106"},"modified":"2026-05-13T13:54:10","modified_gmt":"2026-05-13T11:54:10","slug":"ferrand-lartigue-2015","status":"publish","type":"product","link":"https:\/\/cave-girondine.lesvignoblesdemaxime.fr\/?product=ferrand-lartigue-2015","title":{"rendered":"Ferrand Lartigue 2016"},"content":{"rendered":"<p>Un vin \u00e0 fort caract\u00e8re \u00e0 la robe prune, un nez chocolat, de fruits tr\u00e8s m\u00fbrs et une bouche rac\u00e9e, gourmande tirant sur le sous-bois.<\/p>\n<p>Vous trouverez deux c\u00e9pages dans ce\u00a0Saint-\u00c9milion Grand Cru\u00a0du\u00a0Ch\u00e2teau Ferrand-Lartigue\u00a0: du merlot, seigneur de la Rive Droite, et du cabernet franc, son fid\u00e8le lieutenant qui repr\u00e9sente environ 20 % de la cuv\u00e9e. Les vignes affichent un \u00e2ge moyen de 30 ans et elles couvrent environ 5 hectares\u00a0sur le plateau argilo-calcaire qui porte tous les noms c\u00e9l\u00e8bres de l\u2019appellation.<\/p>\n<p>Apr\u00e8s des vendanges m\u00e9caniques et un tri au chai, la vinification est traditionnelle et prend place dans des cuves inox thermor\u00e9gul\u00e9es, avant\u00a0un \u00e9levage en barriques de ch\u00eane fran\u00e7ais contenant un tiers de bois neuf.<\/p>\n","protected":false},"excerpt":{"rendered":"<p>Un vin \u00e0 fort caract\u00e8re \u00e0 la robe prune, un nez chocolat, de fruits tr\u00e8s m\u00fbrs et une bouche rac\u00e9e, gourmande tirant sur le sous-bois. Vous trouverez deux c\u00e9pages dans ce\u00a0Saint-\u00c9milion Grand Cru\u00a0du\u00a0Ch\u00e2teau Ferrand-Lartigue\u00a0: du merlot, seigneur de la Rive Droite, et du cabernet franc, son fid\u00e8le lieutenant qui repr\u00e9sente environ 20 % de la [&hellip;]<\/p>\n","protected":false},"featured_media":101,"template":"","meta":[],"product_brand":[],"product_cat":[16],"product_tag":[],"class_list":{"0":"post-106","1":"product","2":"type-product","3":"status-publish","4":"has-post-thumbnail","6":"product_cat-non-classe","8":"first","9":"instock","10":"virtual","11":"taxable","12":"purchasable","13":"product-type-simple"},"_links":{"self":[{"href":"https:\/\/cave-girondine.lesvignoblesdemaxime.fr\/index.php?rest_route=\/wp\/v2\/product\/106","targetHints":{"allow":["GET"]}}],"collection":[{"href":"https:\/\/cave-girondine.lesvignoblesdemaxime.fr\/index.php?rest_route=\/wp\/v2\/product"}],"about":[{"href":"https:\/\/cave-girondine.lesvignoblesdemaxime.fr\/index.php?rest_route=\/wp\/v2\/types\/product"}],"wp:featuredmedia":[{"embeddable":true,"href":"https:\/\/cave-girondine.lesvignoblesdemaxime.fr\/index.php?rest_route=\/wp\/v2\/media\/101"}],"wp:attachment":[{"href":"https:\/\/cave-girondine.lesvignoblesdemaxime.fr\/index.php?rest_route=%2Fwp%2Fv2%2Fmedia&parent=106"}],"wp:term":[{"taxonomy":"product_brand","embeddable":true,"href":"https:\/\/cave-girondine.lesvignoblesdemaxime.fr\/index.php?rest_route=%2Fwp%2Fv2%2Fproduct_brand&post=106"},{"taxonomy":"product_cat","embeddable":true,"href":"https:\/\/cave-girondine.lesvignoblesdemaxime.fr\/index.php?rest_route=%2Fwp%2Fv2%2Fproduct_cat&post=106"},{"taxonomy":"product_tag","embeddable":true,"href":"https:\/\/cave-girondine.lesvignoblesdemaxime.fr\/index.php?rest_route=%2Fwp%2Fv2%2Fproduct_tag&post=106"}],"curies":[{"name":"wp","href":"https:\/\/api.w.org\/{rel}","templated":true}]}}